{"id":5058,"date":"2020-09-12T09:01:58","date_gmt":"2020-09-12T08:01:58","guid":{"rendered":"http:\/\/www.romitaggiomontecarasso.ch\/dev\/about-us\/"},"modified":"2025-08-05T18:36:27","modified_gmt":"2025-08-05T17:36:27","slug":"about-us","status":"publish","type":"page","link":"http:\/\/romitaggiomontecarasso.ch\/fr\/about-us\/","title":{"rendered":"\u00c0 Propos De Nous"},"content":{"rendered":"<section class=\"wpb-content-wrapper\"><p>[vc_row row_content_width=\u00a0\u00bbgrid\u00a0\u00bb content_text_aligment=\u00a0\u00bbcenter\u00a0\u00bb css=\u00a0\u00bb.vc_custom_1573650753005{padding-top: 160px !important;padding-bottom: 170px !important;}\u00a0\u00bb][vc_column width=\u00a0\u00bb1\/4&Prime; offset=\u00a0\u00bbvc_col-lg-3 vc_col-md-12&Prime;]<div class=\"eltdf-single-image-holder     eltdf-image-appear-none\">\n    <div class=\"eltdf-si-inner\" >\n                                                        <img fetchpriority=\"high\" decoding=\"async\" width=\"295\" height=\"295\" src=\"http:\/\/romitaggiomontecarasso.ch\/dev\/wp-content\/uploads\/2019\/10\/inner-pages-img-3.png\" class=\"attachment-full size-full\" alt=\"c\" srcset=\"http:\/\/romitaggiomontecarasso.ch\/dev\/wp-content\/uploads\/2019\/10\/inner-pages-img-3.png 295w, http:\/\/romitaggiomontecarasso.ch\/dev\/wp-content\/uploads\/2019\/10\/inner-pages-img-3-150x150.png 150w\" sizes=\"(max-width: 295px) 100vw, 295px\" \/>                                                <\/div>\n<\/div>[\/vc_column][vc_column width=\u00a0\u00bb1\/2&Prime;]<div class=\"eltdf-elements-holder   eltdf-three-columns  eltdf-responsive-mode-1024  \" ><div class=\"eltdf-eh-item    \"  data-item-class=\"eltdf-eh-custom-9421\" data-1400-1600=\"0 15%\" data-1025-1399=\"0 13%\" data-680=\"0 0\">\n\t<div class=\"eltdf-eh-item-inner\">\n\t\t<div class=\"eltdf-eh-item-content eltdf-eh-custom-9421\" style=\"padding: 0 21%\">\n\t\t\t<div class=\"eltdf-section-title-holder    eltdf-st-decor-animation\" style=\"text-align: center\">\n\t<div class=\"eltdf-st-inner\">\n                    <span class=\"eltdf-st-tagline\">\n                La vie du restaurant            <\/span>\n        \t\t            <div class=\"eltdf-st-title-holder\">\n                                    <div class=\"decor\"><svg xmlns=\"http:\/\/www.w3.org\/2000\/svg\" width=\"41.125\" height=\"9.146\">\n                            <path fill=\"none\" stroke=\"#9C7C57\" stroke-miterlimit=\"10\" d=\"M40.881 8.576L20.562.591.244 8.576\"\/>\n                            <path fill=\"none\" stroke=\"#9C7C57\" stroke-miterlimit=\"10\" d=\"M40.881.591L20.562 8.576.243.591\"\/>\n                        <\/svg><\/div>\n                                <h2 class=\"eltdf-st-title\" >\n                    \u00c0 Propos De Nous                <\/h2>\n                                    <div class=\"decor\"><svg xmlns=\"http:\/\/www.w3.org\/2000\/svg\" width=\"41.125\" height=\"9.146\">\n                            <path fill=\"none\" stroke=\"#9C7C57\" stroke-miterlimit=\"10\" d=\"M40.881 8.576L20.562.591.244 8.576\"\/>\n                            <path fill=\"none\" stroke=\"#9C7C57\" stroke-miterlimit=\"10\" d=\"M40.881.591L20.562 8.576.243.591\"\/>\n                        <\/svg><\/div>\n                            <\/div>\n\t\t\t\t\t\t\t<p class=\"eltdf-st-text\" >\n\t\t\t\tLe restaurant Romitaggio est situ\u00e9 \u00e0 Monte Carasso dans la Via al Cunvent et est un lieu de rafra\u00eechissement avec une histoire vieille de plusieurs si\u00e8cles. Depuis novembre 2001, il est g\u00e9r\u00e9 par Giuseppe Pascaretta, assist\u00e9 dans la gestion par son \u00e9pouse Dolores.\t\t\t<\/p>\n\t\t\t\t\t<\/div>\n<\/div>[vc_empty_space height=\u00a0\u00bb12px\u00a0\u00bb][vc_column_text]Les sp\u00e9cialit\u00e9s de la maison sont le poisson, les p\u00e2tes et la pizza cuites au four \u00e0 bois. De savoureux ap\u00e9ritifs tous les jours \u00e0 partir de 18&rsquo;00![\/vc_column_text][vc_empty_space height=\u00a0\u00bb12px\u00a0\u00bb][vc_column_text]Venez nous rendre visite, vous trouverez un environnement joyeux adapt\u00e9 \u00e0 toutes les occasions. En cas de demandes sp\u00e9ciales de menus, d&rsquo;offres et de devis, ou d&rsquo;autres informations, n&rsquo;h\u00e9sitez pas \u00e0 nous contacter.[\/vc_column_text][vc_empty_space height=\u00a0\u00bb38px\u00a0\u00bb]\t\t<\/div>\n\t<\/div>\n<\/div><\/div>[\/vc_column][vc_column width=\u00a0\u00bb1\/4&Prime;]<div class=\"eltdf-single-image-holder     eltdf-image-appear-none\">\n    <div class=\"eltdf-si-inner\" >\n                                                        <img decoding=\"async\" width=\"800\" height=\"800\" src=\"http:\/\/romitaggiomontecarasso.ch\/dev\/wp-content\/uploads\/2019\/10\/inner-pages-img-1.jpg\" class=\"attachment-full size-full\" alt=\"c\" srcset=\"http:\/\/romitaggiomontecarasso.ch\/dev\/wp-content\/uploads\/2019\/10\/inner-pages-img-1.jpg 800w, http:\/\/romitaggiomontecarasso.ch\/dev\/wp-content\/uploads\/2019\/10\/inner-pages-img-1-300x300.jpg 300w, http:\/\/romitaggiomontecarasso.ch\/dev\/wp-content\/uploads\/2019\/10\/inner-pages-img-1-150x150.jpg 150w, http:\/\/romitaggiomontecarasso.ch\/dev\/wp-content\/uploads\/2019\/10\/inner-pages-img-1-768x768.jpg 768w, http:\/\/romitaggiomontecarasso.ch\/dev\/wp-content\/uploads\/2019\/10\/inner-pages-img-1-650x650.jpg 650w\" sizes=\"(max-width: 800px) 100vw, 800px\" \/>                                                <\/div>\n<\/div>[\/vc_column][\/vc_row][vc_row row_content_width=\u00a0\u00bbgrid\u00a0\u00bb content_text_aligment=\u00a0\u00bbcenter\u00a0\u00bb css=\u00a0\u00bb.vc_custom_1599916690812{padding-top: 11.7% !important;padding-bottom: 11.7% !important;}\u00a0\u00bb parallax_background_image=\u00a0\u00bb2239&Prime; pattern_svg_path=\u00a0\u00bb\u00a0\u00bb][vc_column][\/vc_column][\/vc_row][vc_row row_content_width=\u00a0\u00bbgrid\u00a0\u00bb content_text_aligment=\u00a0\u00bbcenter\u00a0\u00bb css=\u00a0\u00bb.vc_custom_1599915327617{padding-top: 160px !important;padding-bottom: 170px !important;}\u00a0\u00bb pattern_svg_path=\u00a0\u00bb\u00a0\u00bb][vc_column width=\u00a0\u00bb1\/4&Prime;]<div class=\"eltdf-single-image-holder     eltdf-image-appear-none\">\n    <div class=\"eltdf-si-inner\" >\n                                                        <img decoding=\"async\" width=\"800\" height=\"800\" src=\"http:\/\/romitaggiomontecarasso.ch\/dev\/wp-content\/uploads\/2020\/09\/scampi800x800.jpg\" class=\"attachment-full size-full\" alt=\"\" srcset=\"http:\/\/romitaggiomontecarasso.ch\/dev\/wp-content\/uploads\/2020\/09\/scampi800x800.jpg 800w, http:\/\/romitaggiomontecarasso.ch\/dev\/wp-content\/uploads\/2020\/09\/scampi800x800-300x300.jpg 300w, http:\/\/romitaggiomontecarasso.ch\/dev\/wp-content\/uploads\/2020\/09\/scampi800x800-150x150.jpg 150w, http:\/\/romitaggiomontecarasso.ch\/dev\/wp-content\/uploads\/2020\/09\/scampi800x800-768x768.jpg 768w, http:\/\/romitaggiomontecarasso.ch\/dev\/wp-content\/uploads\/2020\/09\/scampi800x800-650x650.jpg 650w\" sizes=\"(max-width: 800px) 100vw, 800px\" \/>                                                <\/div>\n<\/div>[\/vc_column][vc_column width=\u00a0\u00bb1\/2&Prime;]<div class=\"eltdf-elements-holder   eltdf-three-columns  eltdf-responsive-mode-1024  \" ><div class=\"eltdf-eh-item    \"  data-item-class=\"eltdf-eh-custom-3254\" data-1400-1600=\"0 15%\" data-1025-1399=\"0 13%\" data-680=\"0 0\">\n\t<div class=\"eltdf-eh-item-inner\">\n\t\t<div class=\"eltdf-eh-item-content eltdf-eh-custom-3254\" style=\"padding: 0 21%\">\n\t\t\t<div class=\"eltdf-section-title-holder    \" style=\"text-align: center\">\n\t<div class=\"eltdf-st-inner\">\n                    <span class=\"eltdf-st-tagline\">\n                Main Informations            <\/span>\n        \t\t\t\t\t\t\t<\/div>\n<\/div>[vc_empty_space height=\u00a0\u00bb12px\u00a0\u00bb][vc_column_text]- Restaurant ouvert toute l&rsquo;ann\u00e9e<br \/>\n&#8211; Cuisine chaude jusqu&rsquo;\u00e0 minuit<br \/>\n&#8211; Salon avec bar et connexion TV<br \/>\n&#8211; Horaires d&rsquo;ouverture:<br \/>\n\u2022 Mardi \u2013 Vendredi<br \/>\nDe 07h30 \u00e0 15h00<br \/>\nDe 17h00 \u00e0 00h00<br \/>\n\u2022 Samedi et Dimanche<br \/>\nDe 08h30 \u00e0 15h00<br \/>\nDe 17h00 \u00e0 00h00<br \/>\n&#8211; Repos hebdomadaire le LUNDI<br \/>\n&#8211; T\u00e9l\u00e9phone: 091 825 36 92<br \/>\n&#8211; T\u00e9l\u00e9copie: 091 835 50 24 24[\/vc_column_text]\t\t<\/div>\n\t<\/div>\n<\/div><\/div>[\/vc_column][vc_column width=\u00a0\u00bb1\/4&Prime;]<div class=\"eltdf-single-image-holder     eltdf-image-appear-none\">\n    <div class=\"eltdf-si-inner\" >\n                                                        <img fetchpriority=\"high\" decoding=\"async\" width=\"295\" height=\"295\" src=\"http:\/\/romitaggiomontecarasso.ch\/dev\/wp-content\/uploads\/2019\/10\/inner-pages-img-3.png\" class=\"attachment-full size-full\" alt=\"c\" srcset=\"http:\/\/romitaggiomontecarasso.ch\/dev\/wp-content\/uploads\/2019\/10\/inner-pages-img-3.png 295w, http:\/\/romitaggiomontecarasso.ch\/dev\/wp-content\/uploads\/2019\/10\/inner-pages-img-3-150x150.png 150w\" sizes=\"(max-width: 295px) 100vw, 295px\" \/>                                                <\/div>\n<\/div>[\/vc_column][\/vc_row]<\/p>\n<\/section>","protected":false},"excerpt":{"rendered":"<p>[vc_row row_content_width=\u00a0\u00bbgrid\u00a0\u00bb content_text_aligment=\u00a0\u00bbcenter\u00a0\u00bb css=\u00a0\u00bb.vc_custom_1573650753005{padding-top: 160px !important;padding-bottom: 170px !important;}\u00a0\u00bb][vc_column width=\u00a0\u00bb1\/4&Prime; offset=\u00a0\u00bbvc_col-lg-3 vc_col-md-12&Prime;][\/vc_column][vc_column width=\u00a0\u00bb1\/2&Prime;][\/vc_column][vc_column width=\u00a0\u00bb1\/4&Prime;][\/vc_column][\/vc_row][vc_row row_content_width=\u00a0\u00bbgrid\u00a0\u00bb content_text_aligment=\u00a0\u00bbcenter\u00a0\u00bb css=\u00a0\u00bb.vc_custom_1599916690812{padding-top: 11.7% !important;padding-bottom: 11.7% !important;}\u00a0\u00bb parallax_background_image=\u00a0\u00bb2239&Prime; pattern_svg_path=\u00a0\u00bb\u00a0\u00bb][vc_column][\/vc_column][\/vc_row][vc_row row_content_width=\u00a0\u00bbgrid\u00a0\u00bb content_text_aligment=\u00a0\u00bbcenter\u00a0\u00bb css=\u00a0\u00bb.vc_custom_1599915327617{padding-top: 160px !important;padding-bottom: 170px !important;}\u00a0\u00bb pattern_svg_path=\u00a0\u00bb\u00a0\u00bb][vc_column width=\u00a0\u00bb1\/4&Prime;][\/vc_column][vc_column width=\u00a0\u00bb1\/2&Prime;][\/vc_column][vc_column width=\u00a0\u00bb1\/4&Prime;][\/vc_column][\/vc_row]<\/p>\n","protected":false},"author":1,"featured_media":0,"parent":0,"menu_order":0,"comment_status":"closed","ping_status":"closed","template":"full-width.php","meta":{"footnotes":""},"class_list":["post-5058","page","type-page","status-publish","hentry"],"yoast_head":"<!-- This site is optimized with the Yoast SEO Premium plugin v19.5 (Yoast SEO v25.5) - https:\/\/yoast.com\/wordpress\/plugins\/seo\/ -->\n<title>\u00c0 Propos De Nous - Ristorante Romitaggio<\/title>\n<meta name=\"robots\" content=\"index, follow, max-snippet:-1, max-image-preview:large, max-video-preview:-1\" \/>\n<link rel=\"canonical\" href=\"http:\/\/romitaggiomontecarasso.ch\/fr\/about-us\/\" \/>\n<meta property=\"og:locale\" content=\"fr_FR\" \/>\n<meta property=\"og:type\" content=\"article\" \/>\n<meta property=\"og:title\" content=\"\u00c0 Propos De Nous\" \/>\n<meta property=\"og:description\" content=\"[vc_row row_content_width=\u00a0\u00bbgrid\u00a0\u00bb content_text_aligment=\u00a0\u00bbcenter\u00a0\u00bb css=\u00a0\u00bb.vc_custom_1573650753005{padding-top: 160px !important;padding-bottom: 170px !important;}\u00a0\u00bb][vc_column width=\u00a0\u00bb1\/4&Prime; offset=\u00a0\u00bbvc_col-lg-3 vc_col-md-12&Prime;][\/vc_column][vc_column width=\u00a0\u00bb1\/2&Prime;][\/vc_column][vc_column width=\u00a0\u00bb1\/4&Prime;][\/vc_column][\/vc_row][vc_row row_content_width=\u00a0\u00bbgrid\u00a0\u00bb content_text_aligment=\u00a0\u00bbcenter\u00a0\u00bb css=\u00a0\u00bb.vc_custom_1599916690812{padding-top: 11.7% !important;padding-bottom: 11.7% !important;}\u00a0\u00bb parallax_background_image=\u00a0\u00bb2239&Prime; pattern_svg_path=\u00a0\u00bb\u00a0\u00bb][vc_column][\/vc_column][\/vc_row][vc_row row_content_width=\u00a0\u00bbgrid\u00a0\u00bb content_text_aligment=\u00a0\u00bbcenter\u00a0\u00bb css=\u00a0\u00bb.vc_custom_1599915327617{padding-top: 160px !important;padding-bottom: 170px !important;}\u00a0\u00bb pattern_svg_path=\u00a0\u00bb\u00a0\u00bb][vc_column width=\u00a0\u00bb1\/4&Prime;][\/vc_column][vc_column width=\u00a0\u00bb1\/2&Prime;][\/vc_column][vc_column width=\u00a0\u00bb1\/4&Prime;][\/vc_column][\/vc_row]\" \/>\n<meta property=\"og:url\" content=\"http:\/\/romitaggiomontecarasso.ch\/fr\/about-us\/\" \/>\n<meta property=\"og:site_name\" content=\"Ristorante Romitaggio\" \/>\n<meta property=\"article:publisher\" content=\"https:\/\/www.facebook.com\/romitaggiomontecarasso\/\" \/>\n<meta property=\"article:modified_time\" content=\"2025-08-05T17:36:27+00:00\" \/>\n<meta name=\"twitter:card\" content=\"summary_large_image\" \/>\n<meta name=\"twitter:label1\" content=\"Dur\u00e9e de lecture estim\u00e9e\" \/>\n\t<meta name=\"twitter:data1\" content=\"3 minutes\" \/>\n<script type=\"application\/ld+json\" class=\"yoast-schema-graph\">{\"@context\":\"https:\/\/schema.org\",\"@graph\":[{\"@type\":\"WebPage\",\"@id\":\"http:\/\/romitaggiomontecarasso.ch\/fr\/about-us\/\",\"url\":\"http:\/\/romitaggiomontecarasso.ch\/fr\/about-us\/\",\"name\":\"\u00c0 Propos De Nous - Ristorante Romitaggio\",\"isPartOf\":{\"@id\":\"http:\/\/romitaggiomontecarasso.ch\/de\/#website\"},\"datePublished\":\"2020-09-12T08:01:58+00:00\",\"dateModified\":\"2025-08-05T17:36:27+00:00\",\"breadcrumb\":{\"@id\":\"http:\/\/romitaggiomontecarasso.ch\/fr\/about-us\/#breadcrumb\"},\"inLanguage\":\"fr-FR\",\"potentialAction\":[{\"@type\":\"ReadAction\",\"target\":[\"http:\/\/romitaggiomontecarasso.ch\/fr\/about-us\/\"]}]},{\"@type\":\"BreadcrumbList\",\"@id\":\"http:\/\/romitaggiomontecarasso.ch\/fr\/about-us\/#breadcrumb\",\"itemListElement\":[{\"@type\":\"ListItem\",\"position\":1,\"name\":\"Home\",\"item\":\"http:\/\/romitaggiomontecarasso.ch\/fr\/\"},{\"@type\":\"ListItem\",\"position\":2,\"name\":\"\u00c0 Propos De Nous\"}]},{\"@type\":\"WebSite\",\"@id\":\"http:\/\/romitaggiomontecarasso.ch\/de\/#website\",\"url\":\"http:\/\/romitaggiomontecarasso.ch\/de\/\",\"name\":\"Ristorante Romitaggio\",\"description\":\"\",\"publisher\":{\"@id\":\"http:\/\/romitaggiomontecarasso.ch\/de\/#organization\"},\"potentialAction\":[{\"@type\":\"SearchAction\",\"target\":{\"@type\":\"EntryPoint\",\"urlTemplate\":\"http:\/\/romitaggiomontecarasso.ch\/de\/?s={search_term_string}\"},\"query-input\":{\"@type\":\"PropertyValueSpecification\",\"valueRequired\":true,\"valueName\":\"search_term_string\"}}],\"inLanguage\":\"fr-FR\"},{\"@type\":\"Organization\",\"@id\":\"http:\/\/romitaggiomontecarasso.ch\/de\/#organization\",\"name\":\"Ristorante Romitaggio\",\"url\":\"http:\/\/romitaggiomontecarasso.ch\/de\/\",\"logo\":{\"@type\":\"ImageObject\",\"inLanguage\":\"fr-FR\",\"@id\":\"http:\/\/romitaggiomontecarasso.ch\/de\/#\/schema\/logo\/image\/\",\"url\":\"http:\/\/romitaggiomontecarasso.ch\/dev\/wp-content\/uploads\/2020\/09\/logorevslider-2.png\",\"contentUrl\":\"http:\/\/romitaggiomontecarasso.ch\/dev\/wp-content\/uploads\/2020\/09\/logorevslider-2.png\",\"width\":2223,\"height\":535,\"caption\":\"Ristorante Romitaggio\"},\"image\":{\"@id\":\"http:\/\/romitaggiomontecarasso.ch\/de\/#\/schema\/logo\/image\/\"},\"sameAs\":[\"https:\/\/www.facebook.com\/romitaggiomontecarasso\/\"]}]}<\/script>\n<!-- \/ Yoast SEO Premium plugin. -->","yoast_head_json":{"title":"\u00c0 Propos De Nous - Ristorante Romitaggio","robots":{"index":"index","follow":"follow","max-snippet":"max-snippet:-1","max-image-preview":"max-image-preview:large","max-video-preview":"max-video-preview:-1"},"canonical":"http:\/\/romitaggiomontecarasso.ch\/fr\/about-us\/","og_locale":"fr_FR","og_type":"article","og_title":"\u00c0 Propos De Nous","og_description":"[vc_row row_content_width=\u00a0\u00bbgrid\u00a0\u00bb content_text_aligment=\u00a0\u00bbcenter\u00a0\u00bb css=\u00a0\u00bb.vc_custom_1573650753005{padding-top: 160px !important;padding-bottom: 170px !important;}\u00a0\u00bb][vc_column width=\u00a0\u00bb1\/4&Prime; offset=\u00a0\u00bbvc_col-lg-3 vc_col-md-12&Prime;][\/vc_column][vc_column width=\u00a0\u00bb1\/2&Prime;][\/vc_column][vc_column width=\u00a0\u00bb1\/4&Prime;][\/vc_column][\/vc_row][vc_row row_content_width=\u00a0\u00bbgrid\u00a0\u00bb content_text_aligment=\u00a0\u00bbcenter\u00a0\u00bb css=\u00a0\u00bb.vc_custom_1599916690812{padding-top: 11.7% !important;padding-bottom: 11.7% !important;}\u00a0\u00bb parallax_background_image=\u00a0\u00bb2239&Prime; pattern_svg_path=\u00a0\u00bb\u00a0\u00bb][vc_column][\/vc_column][\/vc_row][vc_row row_content_width=\u00a0\u00bbgrid\u00a0\u00bb content_text_aligment=\u00a0\u00bbcenter\u00a0\u00bb css=\u00a0\u00bb.vc_custom_1599915327617{padding-top: 160px !important;padding-bottom: 170px !important;}\u00a0\u00bb pattern_svg_path=\u00a0\u00bb\u00a0\u00bb][vc_column width=\u00a0\u00bb1\/4&Prime;][\/vc_column][vc_column width=\u00a0\u00bb1\/2&Prime;][\/vc_column][vc_column width=\u00a0\u00bb1\/4&Prime;][\/vc_column][\/vc_row]","og_url":"http:\/\/romitaggiomontecarasso.ch\/fr\/about-us\/","og_site_name":"Ristorante Romitaggio","article_publisher":"https:\/\/www.facebook.com\/romitaggiomontecarasso\/","article_modified_time":"2025-08-05T17:36:27+00:00","twitter_card":"summary_large_image","twitter_misc":{"Dur\u00e9e de lecture estim\u00e9e":"3 minutes"},"schema":{"@context":"https:\/\/schema.org","@graph":[{"@type":"WebPage","@id":"http:\/\/romitaggiomontecarasso.ch\/fr\/about-us\/","url":"http:\/\/romitaggiomontecarasso.ch\/fr\/about-us\/","name":"\u00c0 Propos De Nous - Ristorante Romitaggio","isPartOf":{"@id":"http:\/\/romitaggiomontecarasso.ch\/de\/#website"},"datePublished":"2020-09-12T08:01:58+00:00","dateModified":"2025-08-05T17:36:27+00:00","breadcrumb":{"@id":"http:\/\/romitaggiomontecarasso.ch\/fr\/about-us\/#breadcrumb"},"inLanguage":"fr-FR","potentialAction":[{"@type":"ReadAction","target":["http:\/\/romitaggiomontecarasso.ch\/fr\/about-us\/"]}]},{"@type":"BreadcrumbList","@id":"http:\/\/romitaggiomontecarasso.ch\/fr\/about-us\/#breadcrumb","itemListElement":[{"@type":"ListItem","position":1,"name":"Home","item":"http:\/\/romitaggiomontecarasso.ch\/fr\/"},{"@type":"ListItem","position":2,"name":"\u00c0 Propos De Nous"}]},{"@type":"WebSite","@id":"http:\/\/romitaggiomontecarasso.ch\/de\/#website","url":"http:\/\/romitaggiomontecarasso.ch\/de\/","name":"Ristorante Romitaggio","description":"","publisher":{"@id":"http:\/\/romitaggiomontecarasso.ch\/de\/#organization"},"potentialAction":[{"@type":"SearchAction","target":{"@type":"EntryPoint","urlTemplate":"http:\/\/romitaggiomontecarasso.ch\/de\/?s={search_term_string}"},"query-input":{"@type":"PropertyValueSpecification","valueRequired":true,"valueName":"search_term_string"}}],"inLanguage":"fr-FR"},{"@type":"Organization","@id":"http:\/\/romitaggiomontecarasso.ch\/de\/#organization","name":"Ristorante Romitaggio","url":"http:\/\/romitaggiomontecarasso.ch\/de\/","logo":{"@type":"ImageObject","inLanguage":"fr-FR","@id":"http:\/\/romitaggiomontecarasso.ch\/de\/#\/schema\/logo\/image\/","url":"http:\/\/romitaggiomontecarasso.ch\/dev\/wp-content\/uploads\/2020\/09\/logorevslider-2.png","contentUrl":"http:\/\/romitaggiomontecarasso.ch\/dev\/wp-content\/uploads\/2020\/09\/logorevslider-2.png","width":2223,"height":535,"caption":"Ristorante Romitaggio"},"image":{"@id":"http:\/\/romitaggiomontecarasso.ch\/de\/#\/schema\/logo\/image\/"},"sameAs":["https:\/\/www.facebook.com\/romitaggiomontecarasso\/"]}]}},"_links":{"self":[{"href":"http:\/\/romitaggiomontecarasso.ch\/fr\/wp-json\/wp\/v2\/pages\/5058","targetHints":{"allow":["GET"]}}],"collection":[{"href":"http:\/\/romitaggiomontecarasso.ch\/fr\/wp-json\/wp\/v2\/pages"}],"about":[{"href":"http:\/\/romitaggiomontecarasso.ch\/fr\/wp-json\/wp\/v2\/types\/page"}],"author":[{"embeddable":true,"href":"http:\/\/romitaggiomontecarasso.ch\/fr\/wp-json\/wp\/v2\/users\/1"}],"replies":[{"embeddable":true,"href":"http:\/\/romitaggiomontecarasso.ch\/fr\/wp-json\/wp\/v2\/comments?post=5058"}],"version-history":[{"count":18,"href":"http:\/\/romitaggiomontecarasso.ch\/fr\/wp-json\/wp\/v2\/pages\/5058\/revisions"}],"predecessor-version":[{"id":6048,"href":"http:\/\/romitaggiomontecarasso.ch\/fr\/wp-json\/wp\/v2\/pages\/5058\/revisions\/6048"}],"wp:attachment":[{"href":"http:\/\/romitaggiomontecarasso.ch\/fr\/wp-json\/wp\/v2\/media?parent=5058"}],"curies":[{"name":"wp","href":"https:\/\/api.w.org\/{rel}","templated":true}]}}