{"id":5060,"date":"2020-09-12T09:02:22","date_gmt":"2020-09-12T08:02:22","guid":{"rendered":"http:\/\/www.romitaggiomontecarasso.ch\/dev\/about-us\/"},"modified":"2025-08-05T18:37:07","modified_gmt":"2025-08-05T17:37:07","slug":"about-us","status":"publish","type":"page","link":"http:\/\/romitaggiomontecarasso.ch\/de\/about-us\/","title":{"rendered":"\u00dcber Uns"},"content":{"rendered":"<section class=\"wpb-content-wrapper\"><p>[vc_row row_content_width=&#8220;grid&#8220; content_text_aligment=&#8220;center&#8220; css=&#8220;.vc_custom_1573650753005{padding-top: 160px !important;padding-bottom: 170px !important;}&#8220;][vc_column width=&#8220;1\/4&#8243; offset=&#8220;vc_col-lg-3 vc_col-md-12&#8243;]<div class=\"eltdf-single-image-holder     eltdf-image-appear-none\">\n    <div class=\"eltdf-si-inner\" >\n                                                        <img fetchpriority=\"high\" decoding=\"async\" width=\"295\" height=\"295\" src=\"http:\/\/romitaggiomontecarasso.ch\/dev\/wp-content\/uploads\/2019\/10\/inner-pages-img-3.png\" class=\"attachment-full size-full\" alt=\"c\" srcset=\"http:\/\/romitaggiomontecarasso.ch\/dev\/wp-content\/uploads\/2019\/10\/inner-pages-img-3.png 295w, http:\/\/romitaggiomontecarasso.ch\/dev\/wp-content\/uploads\/2019\/10\/inner-pages-img-3-150x150.png 150w\" sizes=\"(max-width: 295px) 100vw, 295px\" \/>                                                <\/div>\n<\/div>[\/vc_column][vc_column width=&#8220;1\/2&#8243;]<div class=\"eltdf-elements-holder   eltdf-three-columns  eltdf-responsive-mode-1024  \" ><div class=\"eltdf-eh-item    \"  data-item-class=\"eltdf-eh-custom-3923\" data-1400-1600=\"0 15%\" data-1025-1399=\"0 13%\" data-680=\"0 0\">\n\t<div class=\"eltdf-eh-item-inner\">\n\t\t<div class=\"eltdf-eh-item-content eltdf-eh-custom-3923\" style=\"padding: 0 21%\">\n\t\t\t<div class=\"eltdf-section-title-holder    eltdf-st-decor-animation\" style=\"text-align: center\">\n\t<div class=\"eltdf-st-inner\">\n                    <span class=\"eltdf-st-tagline\">\n                Restaurantleben            <\/span>\n        \t\t            <div class=\"eltdf-st-title-holder\">\n                                    <div class=\"decor\"><svg xmlns=\"http:\/\/www.w3.org\/2000\/svg\" width=\"41.125\" height=\"9.146\">\n                            <path fill=\"none\" stroke=\"#9C7C57\" stroke-miterlimit=\"10\" d=\"M40.881 8.576L20.562.591.244 8.576\"\/>\n                            <path fill=\"none\" stroke=\"#9C7C57\" stroke-miterlimit=\"10\" d=\"M40.881.591L20.562 8.576.243.591\"\/>\n                        <\/svg><\/div>\n                                <h2 class=\"eltdf-st-title\" >\n                    \u00dcber Uns                <\/h2>\n                                    <div class=\"decor\"><svg xmlns=\"http:\/\/www.w3.org\/2000\/svg\" width=\"41.125\" height=\"9.146\">\n                            <path fill=\"none\" stroke=\"#9C7C57\" stroke-miterlimit=\"10\" d=\"M40.881 8.576L20.562.591.244 8.576\"\/>\n                            <path fill=\"none\" stroke=\"#9C7C57\" stroke-miterlimit=\"10\" d=\"M40.881.591L20.562 8.576.243.591\"\/>\n                        <\/svg><\/div>\n                            <\/div>\n\t\t\t\t\t\t\t<p class=\"eltdf-st-text\" >\n\t\t\t\tDas Restaurant Romitaggio befindet sich am Monte Carasso in der Via al Cunvent und ist ein Ort der Erfrischung mit einer jahrhundertealten Geschichte. Seit November 2001 wird es von Giuseppe Pascaretta geleitet, der von seiner Frau Dolores bei der Leitung unterst\u00fctzt wird.\t\t\t<\/p>\n\t\t\t\t\t<\/div>\n<\/div>[vc_empty_space height=&#8220;12px&#8220;][vc_column_text]Die Spezialit\u00e4ten des Hauses sind Fisch, Pasta und Pizza, die in einem Holzofen gekocht werden. T\u00e4glich ab 18 Uhr leckere Aperitifs![\/vc_column_text][vc_empty_space height=&#8220;12px&#8220;][vc_column_text]Besuchen Sie uns, Sie finden eine fr\u00f6hliche Umgebung f\u00fcr jeden Anlass. Bei speziellen Men\u00fcw\u00fcnschen, Angeboten und Angeboten oder anderen Informationen z\u00f6gern Sie nicht, uns zu kontaktieren.[\/vc_column_text][vc_empty_space height=&#8220;38px&#8220;]\t\t<\/div>\n\t<\/div>\n<\/div><\/div>[\/vc_column][vc_column width=&#8220;1\/4&#8243;]<div class=\"eltdf-single-image-holder     eltdf-image-appear-none\">\n    <div class=\"eltdf-si-inner\" >\n                                                        <img decoding=\"async\" width=\"800\" height=\"800\" src=\"http:\/\/romitaggiomontecarasso.ch\/dev\/wp-content\/uploads\/2019\/10\/inner-pages-img-1.jpg\" class=\"attachment-full size-full\" alt=\"c\" srcset=\"http:\/\/romitaggiomontecarasso.ch\/dev\/wp-content\/uploads\/2019\/10\/inner-pages-img-1.jpg 800w, http:\/\/romitaggiomontecarasso.ch\/dev\/wp-content\/uploads\/2019\/10\/inner-pages-img-1-300x300.jpg 300w, http:\/\/romitaggiomontecarasso.ch\/dev\/wp-content\/uploads\/2019\/10\/inner-pages-img-1-150x150.jpg 150w, http:\/\/romitaggiomontecarasso.ch\/dev\/wp-content\/uploads\/2019\/10\/inner-pages-img-1-768x768.jpg 768w, http:\/\/romitaggiomontecarasso.ch\/dev\/wp-content\/uploads\/2019\/10\/inner-pages-img-1-650x650.jpg 650w\" sizes=\"(max-width: 800px) 100vw, 800px\" \/>                                                <\/div>\n<\/div>[\/vc_column][\/vc_row][vc_row row_content_width=&#8220;grid&#8220; content_text_aligment=&#8220;center&#8220; css=&#8220;.vc_custom_1599916690812{padding-top: 11.7% !important;padding-bottom: 11.7% !important;}&#8220; parallax_background_image=&#8220;2239&#8243; pattern_svg_path=&#8220;&#8220;][vc_column][\/vc_column][\/vc_row][vc_row row_content_width=&#8220;grid&#8220; content_text_aligment=&#8220;center&#8220; css=&#8220;.vc_custom_1599915327617{padding-top: 160px !important;padding-bottom: 170px !important;}&#8220; pattern_svg_path=&#8220;&#8220;][vc_column width=&#8220;1\/4&#8243;]<div class=\"eltdf-single-image-holder     eltdf-image-appear-none\">\n    <div class=\"eltdf-si-inner\" >\n                                                        <img decoding=\"async\" width=\"800\" height=\"800\" src=\"http:\/\/romitaggiomontecarasso.ch\/dev\/wp-content\/uploads\/2020\/09\/scampi800x800.jpg\" class=\"attachment-full size-full\" alt=\"\" srcset=\"http:\/\/romitaggiomontecarasso.ch\/dev\/wp-content\/uploads\/2020\/09\/scampi800x800.jpg 800w, http:\/\/romitaggiomontecarasso.ch\/dev\/wp-content\/uploads\/2020\/09\/scampi800x800-300x300.jpg 300w, http:\/\/romitaggiomontecarasso.ch\/dev\/wp-content\/uploads\/2020\/09\/scampi800x800-150x150.jpg 150w, http:\/\/romitaggiomontecarasso.ch\/dev\/wp-content\/uploads\/2020\/09\/scampi800x800-768x768.jpg 768w, http:\/\/romitaggiomontecarasso.ch\/dev\/wp-content\/uploads\/2020\/09\/scampi800x800-650x650.jpg 650w\" sizes=\"(max-width: 800px) 100vw, 800px\" \/>                                                <\/div>\n<\/div>[\/vc_column][vc_column width=&#8220;1\/2&#8243;]<div class=\"eltdf-elements-holder   eltdf-three-columns  eltdf-responsive-mode-1024  \" ><div class=\"eltdf-eh-item    \"  data-item-class=\"eltdf-eh-custom-4958\" data-1400-1600=\"0 15%\" data-1025-1399=\"0 13%\" data-680=\"0 0\">\n\t<div class=\"eltdf-eh-item-inner\">\n\t\t<div class=\"eltdf-eh-item-content eltdf-eh-custom-4958\" style=\"padding: 0 21%\">\n\t\t\t<div class=\"eltdf-section-title-holder    \" style=\"text-align: center\">\n\t<div class=\"eltdf-st-inner\">\n                    <span class=\"eltdf-st-tagline\">\n                Main Informations            <\/span>\n        \t\t\t\t\t\t\t<\/div>\n<\/div>[vc_empty_space height=&#8220;12px&#8220;][vc_column_text]- Restaurant ganzj\u00e4hrig ge\u00f6ffnet<br \/>\n&#8211; Warme K\u00fcche bis Mitternacht<br \/>\n&#8211; Lounge mit Bar und TV-Anschluss<br \/>\n&#8211; \u00d6ffnungszeiten:<br \/>\n\u2022 Dienstag \u2013 Freitag<br \/>\nVon 07:30 bis 15:00 Uhr<br \/>\nVon 17:00 bis 00:00 Uhr<br \/>\n\u2022 Samstag und Sonntag<br \/>\nVon 08:30 bis 15:00 Uhr<br \/>\nVon 17:00 bis 00:00 Uhr<br \/>\n&#8211; W\u00f6chentliche Pause am MONTAG<br \/>\n&#8211; Telefon: 091 825 36 92<br \/>\n&#8211; Fax: 091 835 50 24 24[\/vc_column_text]\t\t<\/div>\n\t<\/div>\n<\/div><\/div>[\/vc_column][vc_column width=&#8220;1\/4&#8243;]<div class=\"eltdf-single-image-holder     eltdf-image-appear-none\">\n    <div class=\"eltdf-si-inner\" >\n                                                        <img fetchpriority=\"high\" decoding=\"async\" width=\"295\" height=\"295\" src=\"http:\/\/romitaggiomontecarasso.ch\/dev\/wp-content\/uploads\/2019\/10\/inner-pages-img-3.png\" class=\"attachment-full size-full\" alt=\"c\" srcset=\"http:\/\/romitaggiomontecarasso.ch\/dev\/wp-content\/uploads\/2019\/10\/inner-pages-img-3.png 295w, http:\/\/romitaggiomontecarasso.ch\/dev\/wp-content\/uploads\/2019\/10\/inner-pages-img-3-150x150.png 150w\" sizes=\"(max-width: 295px) 100vw, 295px\" \/>                                                <\/div>\n<\/div>[\/vc_column][\/vc_row]<\/p>\n<\/section>","protected":false},"excerpt":{"rendered":"<p>[vc_row row_content_width=&#8220;grid&#8220; content_text_aligment=&#8220;center&#8220; css=&#8220;.vc_custom_1573650753005{padding-top: 160px !important;padding-bottom: 170px !important;}&#8220;][vc_column width=&#8220;1\/4&#8243; offset=&#8220;vc_col-lg-3 vc_col-md-12&#8243;][\/vc_column][vc_column width=&#8220;1\/2&#8243;][\/vc_column][vc_column width=&#8220;1\/4&#8243;][\/vc_column][\/vc_row][vc_row row_content_width=&#8220;grid&#8220; content_text_aligment=&#8220;center&#8220; css=&#8220;.vc_custom_1599916690812{padding-top: 11.7% !important;padding-bottom: 11.7% !important;}&#8220; parallax_background_image=&#8220;2239&#8243; pattern_svg_path=&#8220;&#8220;][vc_column][\/vc_column][\/vc_row][vc_row row_content_width=&#8220;grid&#8220; content_text_aligment=&#8220;center&#8220; css=&#8220;.vc_custom_1599915327617{padding-top: 160px !important;padding-bottom: 170px !important;}&#8220; pattern_svg_path=&#8220;&#8220;][vc_column width=&#8220;1\/4&#8243;][\/vc_column][vc_column width=&#8220;1\/2&#8243;][\/vc_column][vc_column width=&#8220;1\/4&#8243;][\/vc_column][\/vc_row]<\/p>\n","protected":false},"author":1,"featured_media":0,"parent":0,"menu_order":0,"comment_status":"closed","ping_status":"closed","template":"full-width.php","meta":{"footnotes":""},"class_list":["post-5060","page","type-page","status-publish","hentry"],"yoast_head":"<!-- This site is optimized with the Yoast SEO Premium plugin v19.5 (Yoast SEO v25.5) - https:\/\/yoast.com\/wordpress\/plugins\/seo\/ -->\n<title>\u00dcber Uns - Ristorante Romitaggio<\/title>\n<meta name=\"robots\" content=\"index, follow, max-snippet:-1, max-image-preview:large, max-video-preview:-1\" \/>\n<link rel=\"canonical\" href=\"http:\/\/romitaggiomontecarasso.ch\/de\/about-us\/\" \/>\n<meta property=\"og:locale\" content=\"de_DE\" \/>\n<meta property=\"og:type\" content=\"article\" \/>\n<meta property=\"og:title\" content=\"\u00dcber Uns\" \/>\n<meta property=\"og:description\" content=\"[vc_row row_content_width=&#8220;grid&#8220; content_text_aligment=&#8220;center&#8220; css=&#8220;.vc_custom_1573650753005{padding-top: 160px !important;padding-bottom: 170px !important;}&#8220;][vc_column width=&#8220;1\/4&#8243; offset=&#8220;vc_col-lg-3 vc_col-md-12&#8243;][\/vc_column][vc_column width=&#8220;1\/2&#8243;][\/vc_column][vc_column width=&#8220;1\/4&#8243;][\/vc_column][\/vc_row][vc_row row_content_width=&#8220;grid&#8220; content_text_aligment=&#8220;center&#8220; css=&#8220;.vc_custom_1599916690812{padding-top: 11.7% !important;padding-bottom: 11.7% !important;}&#8220; parallax_background_image=&#8220;2239&#8243; pattern_svg_path=&#8220;&#8220;][vc_column][\/vc_column][\/vc_row][vc_row row_content_width=&#8220;grid&#8220; content_text_aligment=&#8220;center&#8220; css=&#8220;.vc_custom_1599915327617{padding-top: 160px !important;padding-bottom: 170px !important;}&#8220; pattern_svg_path=&#8220;&#8220;][vc_column width=&#8220;1\/4&#8243;][\/vc_column][vc_column width=&#8220;1\/2&#8243;][\/vc_column][vc_column width=&#8220;1\/4&#8243;][\/vc_column][\/vc_row]\" \/>\n<meta property=\"og:url\" content=\"http:\/\/romitaggiomontecarasso.ch\/de\/about-us\/\" \/>\n<meta property=\"og:site_name\" content=\"Ristorante Romitaggio\" \/>\n<meta property=\"article:publisher\" content=\"https:\/\/www.facebook.com\/romitaggiomontecarasso\/\" \/>\n<meta property=\"article:modified_time\" content=\"2025-08-05T17:37:07+00:00\" \/>\n<meta name=\"twitter:card\" content=\"summary_large_image\" \/>\n<meta name=\"twitter:label1\" content=\"Gesch\u00e4tzte Lesezeit\" \/>\n\t<meta name=\"twitter:data1\" content=\"3\u00a0Minuten\" \/>\n<script type=\"application\/ld+json\" class=\"yoast-schema-graph\">{\"@context\":\"https:\/\/schema.org\",\"@graph\":[{\"@type\":\"WebPage\",\"@id\":\"http:\/\/romitaggiomontecarasso.ch\/de\/about-us\/\",\"url\":\"http:\/\/romitaggiomontecarasso.ch\/de\/about-us\/\",\"name\":\"\u00dcber Uns - Ristorante Romitaggio\",\"isPartOf\":{\"@id\":\"http:\/\/romitaggiomontecarasso.ch\/#website\"},\"datePublished\":\"2020-09-12T08:02:22+00:00\",\"dateModified\":\"2025-08-05T17:37:07+00:00\",\"breadcrumb\":{\"@id\":\"http:\/\/romitaggiomontecarasso.ch\/de\/about-us\/#breadcrumb\"},\"inLanguage\":\"de\",\"potentialAction\":[{\"@type\":\"ReadAction\",\"target\":[\"http:\/\/romitaggiomontecarasso.ch\/de\/about-us\/\"]}]},{\"@type\":\"BreadcrumbList\",\"@id\":\"http:\/\/romitaggiomontecarasso.ch\/de\/about-us\/#breadcrumb\",\"itemListElement\":[{\"@type\":\"ListItem\",\"position\":1,\"name\":\"Home\",\"item\":\"https:\/\/romitaggiomontecarasso.ch\/de\/\"},{\"@type\":\"ListItem\",\"position\":2,\"name\":\"\u00dcber Uns\"}]},{\"@type\":\"WebSite\",\"@id\":\"http:\/\/romitaggiomontecarasso.ch\/#website\",\"url\":\"http:\/\/romitaggiomontecarasso.ch\/\",\"name\":\"Ristorante Romitaggio\",\"description\":\"\",\"publisher\":{\"@id\":\"http:\/\/romitaggiomontecarasso.ch\/#organization\"},\"potentialAction\":[{\"@type\":\"SearchAction\",\"target\":{\"@type\":\"EntryPoint\",\"urlTemplate\":\"http:\/\/romitaggiomontecarasso.ch\/?s={search_term_string}\"},\"query-input\":{\"@type\":\"PropertyValueSpecification\",\"valueRequired\":true,\"valueName\":\"search_term_string\"}}],\"inLanguage\":\"de\"},{\"@type\":\"Organization\",\"@id\":\"http:\/\/romitaggiomontecarasso.ch\/#organization\",\"name\":\"Ristorante Romitaggio\",\"url\":\"http:\/\/romitaggiomontecarasso.ch\/\",\"logo\":{\"@type\":\"ImageObject\",\"inLanguage\":\"de\",\"@id\":\"http:\/\/romitaggiomontecarasso.ch\/#\/schema\/logo\/image\/\",\"url\":\"http:\/\/romitaggiomontecarasso.ch\/dev\/wp-content\/uploads\/2020\/09\/logorevslider-2.png\",\"contentUrl\":\"http:\/\/romitaggiomontecarasso.ch\/dev\/wp-content\/uploads\/2020\/09\/logorevslider-2.png\",\"width\":2223,\"height\":535,\"caption\":\"Ristorante Romitaggio\"},\"image\":{\"@id\":\"http:\/\/romitaggiomontecarasso.ch\/#\/schema\/logo\/image\/\"},\"sameAs\":[\"https:\/\/www.facebook.com\/romitaggiomontecarasso\/\"]}]}<\/script>\n<!-- \/ Yoast SEO Premium plugin. -->","yoast_head_json":{"title":"\u00dcber Uns - Ristorante Romitaggio","robots":{"index":"index","follow":"follow","max-snippet":"max-snippet:-1","max-image-preview":"max-image-preview:large","max-video-preview":"max-video-preview:-1"},"canonical":"http:\/\/romitaggiomontecarasso.ch\/de\/about-us\/","og_locale":"de_DE","og_type":"article","og_title":"\u00dcber Uns","og_description":"[vc_row row_content_width=&#8220;grid&#8220; content_text_aligment=&#8220;center&#8220; css=&#8220;.vc_custom_1573650753005{padding-top: 160px !important;padding-bottom: 170px !important;}&#8220;][vc_column width=&#8220;1\/4&#8243; offset=&#8220;vc_col-lg-3 vc_col-md-12&#8243;][\/vc_column][vc_column width=&#8220;1\/2&#8243;][\/vc_column][vc_column width=&#8220;1\/4&#8243;][\/vc_column][\/vc_row][vc_row row_content_width=&#8220;grid&#8220; content_text_aligment=&#8220;center&#8220; css=&#8220;.vc_custom_1599916690812{padding-top: 11.7% !important;padding-bottom: 11.7% !important;}&#8220; parallax_background_image=&#8220;2239&#8243; pattern_svg_path=&#8220;&#8220;][vc_column][\/vc_column][\/vc_row][vc_row row_content_width=&#8220;grid&#8220; content_text_aligment=&#8220;center&#8220; css=&#8220;.vc_custom_1599915327617{padding-top: 160px !important;padding-bottom: 170px !important;}&#8220; pattern_svg_path=&#8220;&#8220;][vc_column width=&#8220;1\/4&#8243;][\/vc_column][vc_column width=&#8220;1\/2&#8243;][\/vc_column][vc_column width=&#8220;1\/4&#8243;][\/vc_column][\/vc_row]","og_url":"http:\/\/romitaggiomontecarasso.ch\/de\/about-us\/","og_site_name":"Ristorante Romitaggio","article_publisher":"https:\/\/www.facebook.com\/romitaggiomontecarasso\/","article_modified_time":"2025-08-05T17:37:07+00:00","twitter_card":"summary_large_image","twitter_misc":{"Gesch\u00e4tzte Lesezeit":"3\u00a0Minuten"},"schema":{"@context":"https:\/\/schema.org","@graph":[{"@type":"WebPage","@id":"http:\/\/romitaggiomontecarasso.ch\/de\/about-us\/","url":"http:\/\/romitaggiomontecarasso.ch\/de\/about-us\/","name":"\u00dcber Uns - Ristorante Romitaggio","isPartOf":{"@id":"http:\/\/romitaggiomontecarasso.ch\/#website"},"datePublished":"2020-09-12T08:02:22+00:00","dateModified":"2025-08-05T17:37:07+00:00","breadcrumb":{"@id":"http:\/\/romitaggiomontecarasso.ch\/de\/about-us\/#breadcrumb"},"inLanguage":"de","potentialAction":[{"@type":"ReadAction","target":["http:\/\/romitaggiomontecarasso.ch\/de\/about-us\/"]}]},{"@type":"BreadcrumbList","@id":"http:\/\/romitaggiomontecarasso.ch\/de\/about-us\/#breadcrumb","itemListElement":[{"@type":"ListItem","position":1,"name":"Home","item":"https:\/\/romitaggiomontecarasso.ch\/de\/"},{"@type":"ListItem","position":2,"name":"\u00dcber Uns"}]},{"@type":"WebSite","@id":"http:\/\/romitaggiomontecarasso.ch\/#website","url":"http:\/\/romitaggiomontecarasso.ch\/","name":"Ristorante Romitaggio","description":"","publisher":{"@id":"http:\/\/romitaggiomontecarasso.ch\/#organization"},"potentialAction":[{"@type":"SearchAction","target":{"@type":"EntryPoint","urlTemplate":"http:\/\/romitaggiomontecarasso.ch\/?s={search_term_string}"},"query-input":{"@type":"PropertyValueSpecification","valueRequired":true,"valueName":"search_term_string"}}],"inLanguage":"de"},{"@type":"Organization","@id":"http:\/\/romitaggiomontecarasso.ch\/#organization","name":"Ristorante Romitaggio","url":"http:\/\/romitaggiomontecarasso.ch\/","logo":{"@type":"ImageObject","inLanguage":"de","@id":"http:\/\/romitaggiomontecarasso.ch\/#\/schema\/logo\/image\/","url":"http:\/\/romitaggiomontecarasso.ch\/dev\/wp-content\/uploads\/2020\/09\/logorevslider-2.png","contentUrl":"http:\/\/romitaggiomontecarasso.ch\/dev\/wp-content\/uploads\/2020\/09\/logorevslider-2.png","width":2223,"height":535,"caption":"Ristorante Romitaggio"},"image":{"@id":"http:\/\/romitaggiomontecarasso.ch\/#\/schema\/logo\/image\/"},"sameAs":["https:\/\/www.facebook.com\/romitaggiomontecarasso\/"]}]}},"_links":{"self":[{"href":"http:\/\/romitaggiomontecarasso.ch\/de\/wp-json\/wp\/v2\/pages\/5060","targetHints":{"allow":["GET"]}}],"collection":[{"href":"http:\/\/romitaggiomontecarasso.ch\/de\/wp-json\/wp\/v2\/pages"}],"about":[{"href":"http:\/\/romitaggiomontecarasso.ch\/de\/wp-json\/wp\/v2\/types\/page"}],"author":[{"embeddable":true,"href":"http:\/\/romitaggiomontecarasso.ch\/de\/wp-json\/wp\/v2\/users\/1"}],"replies":[{"embeddable":true,"href":"http:\/\/romitaggiomontecarasso.ch\/de\/wp-json\/wp\/v2\/comments?post=5060"}],"version-history":[{"count":11,"href":"http:\/\/romitaggiomontecarasso.ch\/de\/wp-json\/wp\/v2\/pages\/5060\/revisions"}],"predecessor-version":[{"id":6049,"href":"http:\/\/romitaggiomontecarasso.ch\/de\/wp-json\/wp\/v2\/pages\/5060\/revisions\/6049"}],"wp:attachment":[{"href":"http:\/\/romitaggiomontecarasso.ch\/de\/wp-json\/wp\/v2\/media?parent=5060"}],"curies":[{"name":"wp","href":"https:\/\/api.w.org\/{rel}","templated":true}]}}